{"id":77817,"date":"2024-07-18T23:55:47","date_gmt":"2024-07-18T14:55:47","guid":{"rendered":"https:\/\/gnone2023.mycafe24.com\/?page_id=77817"},"modified":"2025-10-28T17:34:39","modified_gmt":"2025-10-28T08:34:39","slug":"%ec%a0%90%ed%8f%ac%ec%9a%a9-%eb%b0%a5%ea%b3%b5%ea%b8%89%ea%b8%b0-gst-hma-gst-fbb","status":"publish","type":"page","link":"https:\/\/gnone2023.mycafe24.com\/?page_id=77817","title":{"rendered":"\uc810\ud3ec\uc6a9 \ubc25\uacf5\uae09\uae30 GST-HMA-GST-FBB"},"content":{"rendered":"\t\t<div data-elementor-type=\"wp-page\" data-elementor-id=\"77817\" class=\"elementor elementor-77817\" data-elementor-post-type=\"page\">\n\t\t\t\t\t\t<section class=\"elementor-section elementor-top-section elementor-element elementor-element-13760a8 elementor-reverse-tablet elementor-reverse-mobile elementor-section-height-min-height elementor-section-boxed elementor-section-height-default elementor-section-items-middle\" data-id=\"13760a8\" data-element_type=\"section\" data-settings=\"{&quot;background_background&quot;:&quot;classic&quot;}\">\n\t\t\t\t\t\t\t<div class=\"elementor-background-overlay\"><\/div>\n\t\t\t\t\t\t\t<div class=\"elementor-container elementor-column-gap-default\">\n\t\t\t\t\t<div class=\"elementor-column elementor-col-100 elementor-top-column elementor-element elementor-element-3fddcef\" data-id=\"3fddcef\" data-element_type=\"column\">\n\t\t\t<div class=\"elementor-widget-wrap elementor-element-populated\">\n\t\t\t\t\t\t<div class=\"elementor-element elementor-element-78b51ab elementor-widget__width-auto elementor-widget elementor-widget-heading\" data-id=\"78b51ab\" data-element_type=\"widget\" data-widget_type=\"heading.default\">\n\t\t\t\t<div class=\"elementor-widget-container\">\n\t\t\t<h2 class=\"elementor-heading-title elementor-size-default\">\uc81c\ud488\uc18c\uac1c<\/h2>\t\t<\/div>\n\t\t\t\t<\/div>\n\t\t\t\t<div class=\"elementor-element elementor-element-c0794ab elementor-widget elementor-widget-spacer\" data-id=\"c0794ab\" data-element_type=\"widget\" data-widget_type=\"spacer.default\">\n\t\t\t\t<div class=\"elementor-widget-container\">\n\t\t\t\t\t<div class=\"elementor-spacer\">\n\t\t\t<div class=\"elementor-spacer-inner\"><\/div>\n\t\t<\/div>\n\t\t\t\t<\/div>\n\t\t\t\t<\/div>\n\t\t\t\t<div class=\"elementor-element elementor-element-ad83ab5 elementor-widget__width-initial elementor-widget elementor-widget-heading\" data-id=\"ad83ab5\" data-element_type=\"widget\" data-widget_type=\"heading.default\">\n\t\t\t\t<div class=\"elementor-widget-container\">\n\t\t\t<h2 class=\"elementor-heading-title elementor-size-default\">\uc810\ud3ec\uc6a9 \uae30\uacc4<\/h2>\t\t<\/div>\n\t\t\t\t<\/div>\n\t\t\t\t\t<\/div>\n\t\t<\/div>\n\t\t\t\t\t<\/div>\n\t\t<\/section>\n\t\t\t\t<section class=\"elementor-section elementor-top-section elementor-element elementor-element-65ea903 elementor-section-boxed elementor-section-height-default elementor-section-height-default\" data-id=\"65ea903\" data-element_type=\"section\" data-settings=\"{&quot;background_background&quot;:&quot;classic&quot;}\">\n\t\t\t\t\t\t<div class=\"elementor-container elementor-column-gap-wider\">\n\t\t\t\t\t<div class=\"elementor-column elementor-col-50 elementor-top-column elementor-element elementor-element-608c6fd\" data-id=\"608c6fd\" data-element_type=\"column\">\n\t\t\t<div class=\"elementor-widget-wrap elementor-element-populated\">\n\t\t\t\t\t\t<div class=\"elementor-element elementor-element-d4acd9b elementor-widget elementor-widget-heading\" data-id=\"d4acd9b\" data-element_type=\"widget\" data-widget_type=\"heading.default\">\n\t\t\t\t<div class=\"elementor-widget-container\">\n\t\t\t<h2 class=\"elementor-heading-title elementor-size-default\">\ubc25\uacf5\uae09\uae30 (GST-HMA\/GST-FBB)\n<\/h2>\t\t<\/div>\n\t\t\t\t<\/div>\n\t\t\t\t<div class=\"elementor-element elementor-element-2259272 elementor-widget elementor-widget-spacer\" data-id=\"2259272\" data-element_type=\"widget\" data-widget_type=\"spacer.default\">\n\t\t\t\t<div class=\"elementor-widget-container\">\n\t\t\t\t\t<div class=\"elementor-spacer\">\n\t\t\t<div class=\"elementor-spacer-inner\"><\/div>\n\t\t<\/div>\n\t\t\t\t<\/div>\n\t\t\t\t<\/div>\n\t\t\t\t<div class=\"elementor-element elementor-element-c73b641 elementor-widget elementor-widget-text-editor\" data-id=\"c73b641\" data-element_type=\"widget\" data-widget_type=\"text-editor.default\">\n\t\t\t\t<div class=\"elementor-widget-container\">\n\t\t\t\t\t\t\t<table width=\"465\"><tbody><tr><td colspan=\"2\" width=\"465\"><strong>\uc81c\ud488\uc0ac\uc591<\/strong><\/td><\/tr><tr><td colspan=\"2\" width=\"465\">-\ubcf4\uc628\ubc25\uc1a5\uc744 \ub2a5\uac00\ud558\ub294 \ubcf4\uc628 \uc131\ub2a5\uacfc \ub85c\ub4dc\uc140 \uacc4\ub7c9\uae30\ub97c \ud0d1\uc7ac\ud558\uc5ec, \uc5b8\uc81c\ub098 \ub728\uac70\uc6b4 \ubc25\uc744 \uc815\ud655\ud55c \uc591\uc73c\ub85c \uacf5\uae09\ud569\ub2c8\ub2e4.<br \/>-\ubc25\uc744 \uace0\ub974\uac8c \ud480\uc5b4 \uacf5\uae09\ud558\ubbc0\ub85c, \ud48d\uc131\ud558\uace0 \uc724\uae30 \uc788\ub294 \ubc25 \ubaa8\uc591\uc744 \uc5f0\ucd9c\ud574 \uc2dd\uac10\uc744 \ub192\uc785\ub2c8\ub2e4.<br \/>-\ubcf4\uc628\uae30\ub2a5\uacfc \uac00\uc2b5\uc7a5\uce58\uac00 \uc218\ubd84 \uc99d\ubc1c\uc744 \uc5b5\uc81c\ud574 \ubc25\uc758 \ubcc0\uc0c9\uc744 \ubc29\uc9c0\ud558\uace0, \uc77c\uc815\ud55c \uc628\ub3c4\ub97c \uc720\uc9c0\ud569\ub2c8\ub2e4<\/td><\/tr><tr><td width=\"465\">\uae30\uacc4\uc0ac\uc774\uc988<\/td><td width=\"465\">HMA:370W\u00d7595L\u00d7555Hmm FBB:394W\u00d7526L\u00d7604Hmm<\/td><\/tr><tr><td width=\"465\">\uc0dd\uc0b0\ub2a5\ub825<\/td><td width=\"465\">\ucd5c\ub300 720\uc2dd\/\uc2dc\uac04(250g\uae30\uc900)<\/td><\/tr><tr><td width=\"465\">\ud638\ud37c\uc6a9\ub7c9<\/td><td width=\"465\">HMA: \uc57d11.5kg FBB: \uc57d 10kg<\/td><\/tr><tr><td width=\"465\">\uc804 \uc6d0<\/td><td width=\"465\">\ub2e8\uc0c1110V\/60Hz<\/td><\/tr><tr><td width=\"465\">\uc18c\ube44\uc804\ub825<\/td><td width=\"465\">HMA : \ucd5c\ub300 510W \/ FBB: \ucd5c\ub300 370W<\/td><\/tr><\/tbody><\/table>\t\t\t\t\t\t<\/div>\n\t\t\t\t<\/div>\n\t\t\t\t\t<\/div>\n\t\t<\/div>\n\t\t\t\t<div class=\"elementor-column elementor-col-50 elementor-top-column elementor-element elementor-element-d35a8eb\" data-id=\"d35a8eb\" data-element_type=\"column\">\n\t\t\t<div class=\"elementor-widget-wrap elementor-element-populated\">\n\t\t\t\t\t\t<div class=\"elementor-element elementor-element-02374d8 elementor-widget elementor-widget-image\" data-id=\"02374d8\" data-element_type=\"widget\" data-widget_type=\"image.default\">\n\t\t\t\t<div class=\"elementor-widget-container\">\n\t\t\t\t\t\t\t\t\t\t\t\t\t<img fetchpriority=\"high\" decoding=\"async\" width=\"303\" height=\"400\" src=\"https:\/\/gnone2023.mycafe24.com\/wp-content\/uploads\/2024\/07\/\ubc25\ubcf4\uc628\ub514\uc2a4\ud39c\uc11cGST-HMA.jpg\" class=\"attachment-large size-large wp-image-77822\" alt=\"\" srcset=\"https:\/\/gnone2023.mycafe24.com\/wp-content\/uploads\/2024\/07\/\ubc25\ubcf4\uc628\ub514\uc2a4\ud39c\uc11cGST-HMA.jpg 303w, https:\/\/gnone2023.mycafe24.com\/wp-content\/uploads\/2024\/07\/\ubc25\ubcf4\uc628\ub514\uc2a4\ud39c\uc11cGST-HMA-227x300.jpg 227w\" sizes=\"(max-width: 303px) 100vw, 303px\" \/>\t\t\t\t\t\t\t\t\t\t\t\t\t<\/div>\n\t\t\t\t<\/div>\n\t\t\t\t<section class=\"elementor-section elementor-inner-section elementor-element elementor-element-cba9a36 elementor-section-boxed elementor-section-height-default elementor-section-height-default\" data-id=\"cba9a36\" data-element_type=\"section\">\n\t\t\t\t\t\t<div class=\"elementor-container elementor-column-gap-default\">\n\t\t\t\t\t<div class=\"elementor-column elementor-col-50 elementor-inner-column elementor-element elementor-element-eec773a\" data-id=\"eec773a\" data-element_type=\"column\">\n\t\t\t<div class=\"elementor-widget-wrap elementor-element-populated\">\n\t\t\t\t\t\t<div class=\"elementor-element elementor-element-cb56e8a elementor-align-center elementor-widget elementor-widget-button\" data-id=\"cb56e8a\" data-element_type=\"widget\" data-widget_type=\"button.default\">\n\t\t\t\t<div class=\"elementor-widget-container\">\n\t\t\t\t\t<div class=\"elementor-button-wrapper\">\n\t\t\t<a class=\"elementor-button elementor-button-link elementor-size-sm\" href=\"https:\/\/www.youtube.com\/watch?si=rXGcMYhg7On7XYmt&#038;v=5mTC6x1jZwI&#038;feature=youtu.be\" target=\"_blank\">\n\t\t\t\t\t\t<span class=\"elementor-button-content-wrapper\">\n\t\t\t\t\t\t\t\t\t<span class=\"elementor-button-text\">\ub3d9\uc601\uc0c1 \ubcf4\uae30<\/span>\n\t\t\t\t\t<\/span>\n\t\t\t\t\t<\/a>\n\t\t<\/div>\n\t\t\t\t<\/div>\n\t\t\t\t<\/div>\n\t\t\t\t\t<\/div>\n\t\t<\/div>\n\t\t\t\t<div class=\"elementor-column elementor-col-50 elementor-inner-column elementor-element elementor-element-d6b04d7\" data-id=\"d6b04d7\" data-element_type=\"column\">\n\t\t\t<div class=\"elementor-widget-wrap elementor-element-populated\">\n\t\t\t\t\t\t<div class=\"elementor-element elementor-element-f9cf83f elementor-align-center elementor-widget elementor-widget-button\" data-id=\"f9cf83f\" data-element_type=\"widget\" data-widget_type=\"button.default\">\n\t\t\t\t<div class=\"elementor-widget-container\">\n\t\t\t\t\t<div class=\"elementor-button-wrapper\">\n\t\t\t<a class=\"elementor-button elementor-button-link elementor-size-sm\" href=\"https:\/\/gnone2023.mycafe24.com\/?page_id=78042\">\n\t\t\t\t\t\t<span class=\"elementor-button-content-wrapper\">\n\t\t\t\t\t\t\t\t\t<span class=\"elementor-button-text\">\uc81c\ud488\ubb38\uc758<\/span>\n\t\t\t\t\t<\/span>\n\t\t\t\t\t<\/a>\n\t\t<\/div>\n\t\t\t\t<\/div>\n\t\t\t\t<\/div>\n\t\t\t\t\t<\/div>\n\t\t<\/div>\n\t\t\t\t\t<\/div>\n\t\t<\/section>\n\t\t\t\t\t<\/div>\n\t\t<\/div>\n\t\t\t\t\t<\/div>\n\t\t<\/section>\n\t\t\t\t<section class=\"elementor-section elementor-top-section elementor-element elementor-element-8eef2e3 elementor-section-boxed elementor-section-height-default elementor-section-height-default\" data-id=\"8eef2e3\" data-element_type=\"section\">\n\t\t\t\t\t\t<div class=\"elementor-container elementor-column-gap-default\">\n\t\t\t\t\t<div class=\"elementor-column elementor-col-100 elementor-top-column elementor-element elementor-element-4e6644e\" data-id=\"4e6644e\" data-element_type=\"column\">\n\t\t\t<div class=\"elementor-widget-wrap elementor-element-populated\">\n\t\t\t\t\t\t<div class=\"elementor-element elementor-element-0e2d7be elementor-widget elementor-widget-spacer\" data-id=\"0e2d7be\" data-element_type=\"widget\" data-widget_type=\"spacer.default\">\n\t\t\t\t<div class=\"elementor-widget-container\">\n\t\t\t\t\t<div class=\"elementor-spacer\">\n\t\t\t<div class=\"elementor-spacer-inner\"><\/div>\n\t\t<\/div>\n\t\t\t\t<\/div>\n\t\t\t\t<\/div>\n\t\t\t\t\t<\/div>\n\t\t<\/div>\n\t\t\t\t\t<\/div>\n\t\t<\/section>\n\t\t\t\t<\/div>\n\t\t","protected":false},"excerpt":{"rendered":"<p>\uc81c\ud488\uc18c\uac1c \uc810\ud3ec\uc6a9 \uae30\uacc4 \ubc25\uacf5\uae09\uae30 (GST-HMA\/GST-FBB) \uc81c\ud488\uc0ac\uc591 -\ubcf4\uc628\ubc25\uc1a5\uc744 \ub2a5\uac00\ud558\ub294 \ubcf4\uc628 \uc131\ub2a5\uacfc \ub85c\ub4dc\uc140 \uacc4\ub7c9\uae30\ub97c \ud0d1\uc7ac\ud558\uc5ec, \uc5b8\uc81c\ub098 \ub728\uac70\uc6b4 \ubc25\uc744 \uc815\ud655\ud55c \uc591\uc73c\ub85c \uacf5\uae09\ud569\ub2c8\ub2e4.-\ubc25\uc744 \uace0\ub974\uac8c \ud480\uc5b4 \uacf5\uae09\ud558\ubbc0\ub85c, \ud48d\uc131\ud558\uace0 \uc724\uae30 \uc788\ub294 \ubc25 \ubaa8\uc591\uc744 \uc5f0\ucd9c\ud574 \uc2dd\uac10\uc744 \ub192\uc785\ub2c8\ub2e4.-\ubcf4\uc628\uae30\ub2a5\uacfc \uac00\uc2b5\uc7a5\uce58\uac00 \uc218\ubd84 \uc99d\ubc1c\uc744 \uc5b5\uc81c\ud574 \ubc25\uc758 \ubcc0\uc0c9\uc744 \ubc29\uc9c0\ud558\uace0, \uc77c\uc815\ud55c \uc628\ub3c4\ub97c \uc720\uc9c0\ud569\ub2c8\ub2e4 \uae30\uacc4\uc0ac\uc774\uc988 HMA:370W\u00d7595L\u00d7555Hmm FBB:394W\u00d7526L\u00d7604Hmm \uc0dd\uc0b0\ub2a5\ub825 \ucd5c\ub300 720\uc2dd\/\uc2dc\uac04(250g\uae30\uc900) \ud638\ud37c\uc6a9\ub7c9 HMA: \uc57d11.5kg FBB: \uc57d 10kg \uc804 \uc6d0 \ub2e8\uc0c1110V\/60Hz&hellip;<\/p>\n","protected":false},"author":1,"featured_media":0,"parent":0,"menu_order":21,"comment_status":"closed","ping_status":"closed","template":"elementor_header_footer","meta":{"footnotes":""},"class_list":["post-77817","page","type-page","status-publish","hentry"],"_links":{"self":[{"href":"https:\/\/gnone2023.mycafe24.com\/index.php?rest_route=\/wp\/v2\/pages\/77817","targetHints":{"allow":["GET"]}}],"collection":[{"href":"https:\/\/gnone2023.mycafe24.com\/index.php?rest_route=\/wp\/v2\/pages"}],"about":[{"href":"https:\/\/gnone2023.mycafe24.com\/index.php?rest_route=\/wp\/v2\/types\/page"}],"author":[{"embeddable":true,"href":"https:\/\/gnone2023.mycafe24.com\/index.php?rest_route=\/wp\/v2\/users\/1"}],"replies":[{"embeddable":true,"href":"https:\/\/gnone2023.mycafe24.com\/index.php?rest_route=%2Fwp%2Fv2%2Fcomments&post=77817"}],"version-history":[{"count":13,"href":"https:\/\/gnone2023.mycafe24.com\/index.php?rest_route=\/wp\/v2\/pages\/77817\/revisions"}],"predecessor-version":[{"id":78645,"href":"https:\/\/gnone2023.mycafe24.com\/index.php?rest_route=\/wp\/v2\/pages\/77817\/revisions\/78645"}],"wp:attachment":[{"href":"https:\/\/gnone2023.mycafe24.com\/index.php?rest_route=%2Fwp%2Fv2%2Fmedia&parent=77817"}],"curies":[{"name":"wp","href":"https:\/\/api.w.org\/{rel}","templated":true}]}}